{"id":474,"date":"2024-01-17T11:57:47","date_gmt":"2024-01-17T16:57:47","guid":{"rendered":"https:\/\/aviomarintranet.com\/?page_id=474"},"modified":"2024-01-17T12:01:17","modified_gmt":"2024-01-17T17:01:17","slug":"capacitacion-y-formacion","status":"publish","type":"page","link":"https:\/\/aviomarintranet.com\/index.php\/capacitacion-y-formacion\/","title":{"rendered":"Capacitaci\u00f3n y Formaci\u00f3n"},"content":{"rendered":"\t\t<div data-elementor-type=\"wp-page\" data-elementor-id=\"474\" class=\"elementor elementor-474\">\n\t\t\t\t<div class=\"elementor-element elementor-element-d6598f3 e-flex e-con-boxed e-con e-parent\" data-id=\"d6598f3\" data-element_type=\"container\">\n\t\t\t\t\t<div class=\"e-con-inner\">\n\t\t\t\t<div class=\"elementor-element elementor-element-c50292f elementor-widget elementor-widget-heading\" data-id=\"c50292f\" data-element_type=\"widget\" data-widget_type=\"heading.default\">\n\t\t\t\t<div class=\"elementor-widget-container\">\n\t\t\t\t\t<h2 class=\"elementor-heading-title elementor-size-default\">Capacitaciones y Formaci\u00f3n<\/h2>\t\t\t\t<\/div>\n\t\t\t\t<\/div>\n\t\t\t\t<div class=\"elementor-element elementor-element-337b100 elementor-widget elementor-widget-text-editor\" data-id=\"337b100\" data-element_type=\"widget\" data-widget_type=\"text-editor.default\">\n\t\t\t\t<div class=\"elementor-widget-container\">\n\t\t\t\t\t\t\t\t\t<p>Dedicamos tiempo y recursos a la capacitaci\u00f3n y formaci\u00f3n continua. Anual y puntualmente, ofrecemos una amplia variedad de cursos que abarcan desde primeros auxilios hasta manejo de extintores, evacuaci\u00f3n, pr\u00e1cticas de protecci\u00f3n civil y t\u00e9cnicas de manejo higi\u00e9nico de alimentos. Este enfoque no solo fortalece las habilidades individuales de nuestros colaboradores, sino que tambi\u00e9n refuerza una cultura organizacional donde la mejora continua es la prioridad fundamental.<\/p>\t\t\t\t\t\t\t\t<\/div>\n\t\t\t\t<\/div>\n\t\t<div class=\"elementor-element elementor-element-953d365 e-grid e-con-boxed e-con e-child\" data-id=\"953d365\" data-element_type=\"container\">\n\t\t\t\t\t<div class=\"e-con-inner\">\n\t\t\t\t<div class=\"elementor-element elementor-element-be4fa48 elementor-widget elementor-widget-image\" data-id=\"be4fa48\" data-element_type=\"widget\" data-widget_type=\"image.default\">\n\t\t\t\t<div class=\"elementor-widget-container\">\n\t\t\t\t\t\t\t\t\t\t\t\t\t\t\t<img fetchpriority=\"high\" decoding=\"async\" width=\"1024\" height=\"768\" src=\"https:\/\/aviomarintranet.com\/wp-content\/uploads\/2024\/01\/WhatsApp-Image-2024-01-12-at-2.52.24-PM-1.jpeg\" class=\"attachment-large size-large wp-image-476\" alt=\"\" srcset=\"https:\/\/aviomarintranet.com\/wp-content\/uploads\/2024\/01\/WhatsApp-Image-2024-01-12-at-2.52.24-PM-1.jpeg 1024w, https:\/\/aviomarintranet.com\/wp-content\/uploads\/2024\/01\/WhatsApp-Image-2024-01-12-at-2.52.24-PM-1-300x225.jpeg 300w, https:\/\/aviomarintranet.com\/wp-content\/uploads\/2024\/01\/WhatsApp-Image-2024-01-12-at-2.52.24-PM-1-768x576.jpeg 768w\" sizes=\"(max-width: 1024px) 100vw, 1024px\" \/>\t\t\t\t\t\t\t\t\t\t\t\t\t\t\t<\/div>\n\t\t\t\t<\/div>\n\t\t\t\t<div class=\"elementor-element elementor-element-6710e13 elementor-widget elementor-widget-image\" data-id=\"6710e13\" data-element_type=\"widget\" data-widget_type=\"image.default\">\n\t\t\t\t<div class=\"elementor-widget-container\">\n\t\t\t\t\t\t\t\t\t\t\t\t\t\t\t<img decoding=\"async\" width=\"1024\" height=\"768\" src=\"https:\/\/aviomarintranet.com\/wp-content\/uploads\/2024\/01\/WhatsApp-Image-2024-01-12-at-2.52.23-PM.jpeg\" class=\"attachment-large size-large wp-image-477\" alt=\"\" srcset=\"https:\/\/aviomarintranet.com\/wp-content\/uploads\/2024\/01\/WhatsApp-Image-2024-01-12-at-2.52.23-PM.jpeg 1024w, https:\/\/aviomarintranet.com\/wp-content\/uploads\/2024\/01\/WhatsApp-Image-2024-01-12-at-2.52.23-PM-300x225.jpeg 300w, https:\/\/aviomarintranet.com\/wp-content\/uploads\/2024\/01\/WhatsApp-Image-2024-01-12-at-2.52.23-PM-768x576.jpeg 768w\" sizes=\"(max-width: 1024px) 100vw, 1024px\" \/>\t\t\t\t\t\t\t\t\t\t\t\t\t\t\t<\/div>\n\t\t\t\t<\/div>\n\t\t\t\t<div class=\"elementor-element elementor-element-0bf1e3f elementor-widget elementor-widget-image\" data-id=\"0bf1e3f\" data-element_type=\"widget\" data-widget_type=\"image.default\">\n\t\t\t\t<div class=\"elementor-widget-container\">\n\t\t\t\t\t\t\t\t\t\t\t\t\t\t\t<img decoding=\"async\" width=\"1024\" height=\"768\" src=\"https:\/\/aviomarintranet.com\/wp-content\/uploads\/2024\/01\/WhatsApp-Image-2024-01-12-at-2.52.25-PM-1.jpeg\" class=\"attachment-large size-large wp-image-478\" alt=\"\" srcset=\"https:\/\/aviomarintranet.com\/wp-content\/uploads\/2024\/01\/WhatsApp-Image-2024-01-12-at-2.52.25-PM-1.jpeg 1024w, https:\/\/aviomarintranet.com\/wp-content\/uploads\/2024\/01\/WhatsApp-Image-2024-01-12-at-2.52.25-PM-1-300x225.jpeg 300w, https:\/\/aviomarintranet.com\/wp-content\/uploads\/2024\/01\/WhatsApp-Image-2024-01-12-at-2.52.25-PM-1-768x576.jpeg 768w\" sizes=\"(max-width: 1024px) 100vw, 1024px\" \/>\t\t\t\t\t\t\t\t\t\t\t\t\t\t\t<\/div>\n\t\t\t\t<\/div>\n\t\t\t\t<div class=\"elementor-element elementor-element-80c4f53 elementor-widget elementor-widget-image\" data-id=\"80c4f53\" data-element_type=\"widget\" data-widget_type=\"image.default\">\n\t\t\t\t<div class=\"elementor-widget-container\">\n\t\t\t\t\t\t\t\t\t\t\t\t\t\t\t<img loading=\"lazy\" decoding=\"async\" width=\"1024\" height=\"768\" src=\"https:\/\/aviomarintranet.com\/wp-content\/uploads\/2024\/01\/WhatsApp-Image-2024-01-12-at-2.52.24-PM.jpeg\" class=\"attachment-large size-large wp-image-479\" alt=\"\" srcset=\"https:\/\/aviomarintranet.com\/wp-content\/uploads\/2024\/01\/WhatsApp-Image-2024-01-12-at-2.52.24-PM.jpeg 1024w, https:\/\/aviomarintranet.com\/wp-content\/uploads\/2024\/01\/WhatsApp-Image-2024-01-12-at-2.52.24-PM-300x225.jpeg 300w, https:\/\/aviomarintranet.com\/wp-content\/uploads\/2024\/01\/WhatsApp-Image-2024-01-12-at-2.52.24-PM-768x576.jpeg 768w\" sizes=\"(max-width: 1024px) 100vw, 1024px\" \/>\t\t\t\t\t\t\t\t\t\t\t\t\t\t\t<\/div>\n\t\t\t\t<\/div>\n\t\t\t\t\t<\/div>\n\t\t\t\t<\/div>\n\t\t\t\t\t<\/div>\n\t\t\t\t<\/div>\n\t\t\t\t<\/div>\n\t\t","protected":false},"excerpt":{"rendered":"<p>Capacitaciones y Formaci\u00f3n Dedicamos tiempo y recursos a la capacitaci\u00f3n y formaci\u00f3n continua. Anual y puntualmente, ofrecemos una amplia variedad de cursos que abarcan desde<a href=\"https:\/\/aviomarintranet.com\/index.php\/capacitacion-y-formacion\/\" class=\"more-link\">Ver m\u00e1s<\/a><\/p>\n","protected":false},"author":4,"featured_media":0,"parent":0,"menu_order":0,"comment_status":"closed","ping_status":"closed","template":"elementor_header_footer","meta":{"footnotes":""},"class_list":["post-474","page","type-page","status-publish","hentry"],"_links":{"self":[{"href":"https:\/\/aviomarintranet.com\/index.php\/wp-json\/wp\/v2\/pages\/474","targetHints":{"allow":["GET"]}}],"collection":[{"href":"https:\/\/aviomarintranet.com\/index.php\/wp-json\/wp\/v2\/pages"}],"about":[{"href":"https:\/\/aviomarintranet.com\/index.php\/wp-json\/wp\/v2\/types\/page"}],"author":[{"embeddable":true,"href":"https:\/\/aviomarintranet.com\/index.php\/wp-json\/wp\/v2\/users\/4"}],"replies":[{"embeddable":true,"href":"https:\/\/aviomarintranet.com\/index.php\/wp-json\/wp\/v2\/comments?post=474"}],"version-history":[{"count":4,"href":"https:\/\/aviomarintranet.com\/index.php\/wp-json\/wp\/v2\/pages\/474\/revisions"}],"predecessor-version":[{"id":482,"href":"https:\/\/aviomarintranet.com\/index.php\/wp-json\/wp\/v2\/pages\/474\/revisions\/482"}],"wp:attachment":[{"href":"https:\/\/aviomarintranet.com\/index.php\/wp-json\/wp\/v2\/media?parent=474"}],"curies":[{"name":"wp","href":"https:\/\/api.w.org\/{rel}","templated":true}]}}