{"id":417,"date":"2024-01-17T11:14:58","date_gmt":"2024-01-17T16:14:58","guid":{"rendered":"https:\/\/aviomarintranet.com\/?page_id=417"},"modified":"2024-01-17T11:52:42","modified_gmt":"2024-01-17T16:52:42","slug":"calidad","status":"publish","type":"page","link":"https:\/\/aviomarintranet.com\/index.php\/calidad\/","title":{"rendered":"Calidad y Control"},"content":{"rendered":"\t\t<div data-elementor-type=\"wp-page\" data-elementor-id=\"417\" class=\"elementor elementor-417\">\n\t\t\t\t<div class=\"elementor-element elementor-element-d870a54 e-flex e-con-boxed e-con e-parent\" data-id=\"d870a54\" data-element_type=\"container\">\n\t\t\t\t\t<div class=\"e-con-inner\">\n\t\t\t\t<div class=\"elementor-element elementor-element-e64e428 elementor-widget elementor-widget-heading\" data-id=\"e64e428\" data-element_type=\"widget\" data-widget_type=\"heading.default\">\n\t\t\t\t<div class=\"elementor-widget-container\">\n\t\t\t\t\t<h2 class=\"elementor-heading-title elementor-size-default\">Auditor\u00edas e Inspecciones<\/h2>\t\t\t\t<\/div>\n\t\t\t\t<\/div>\n\t\t\t\t<div class=\"elementor-element elementor-element-9474cba elementor-widget elementor-widget-text-editor\" data-id=\"9474cba\" data-element_type=\"widget\" data-widget_type=\"text-editor.default\">\n\t\t\t\t<div class=\"elementor-widget-container\">\n\t\t\t\t\t\t\t\t\t<p>En Aviomar, las auditor\u00edas e inspecciones desempe\u00f1an un papel crucial en nuestro compromiso con la calidad y seguridad. Realizamos evaluaciones internas y externas, reflejadas como inspecciones a nuestras locaciones y proveedores, para asegurarnos de que nuestros est\u00e1ndares est\u00e9n siempre en ascenso.<\/p>\t\t\t\t\t\t\t\t<\/div>\n\t\t\t\t<\/div>\n\t\t<div class=\"elementor-element elementor-element-abf0268 e-grid e-con-boxed e-con e-child\" data-id=\"abf0268\" data-element_type=\"container\">\n\t\t\t\t\t<div class=\"e-con-inner\">\n\t\t\t\t<div class=\"elementor-element elementor-element-d383825 elementor-widget elementor-widget-image\" data-id=\"d383825\" data-element_type=\"widget\" data-widget_type=\"image.default\">\n\t\t\t\t<div class=\"elementor-widget-container\">\n\t\t\t\t\t\t\t\t\t\t\t\t\t\t\t<img fetchpriority=\"high\" decoding=\"async\" width=\"768\" height=\"1024\" src=\"https:\/\/aviomarintranet.com\/wp-content\/uploads\/2024\/01\/WhatsApp-Image-2024-01-12-at-2.52.24-PM-7.jpeg\" class=\"attachment-large size-large wp-image-451\" alt=\"\" srcset=\"https:\/\/aviomarintranet.com\/wp-content\/uploads\/2024\/01\/WhatsApp-Image-2024-01-12-at-2.52.24-PM-7.jpeg 768w, https:\/\/aviomarintranet.com\/wp-content\/uploads\/2024\/01\/WhatsApp-Image-2024-01-12-at-2.52.24-PM-7-225x300.jpeg 225w\" sizes=\"(max-width: 768px) 100vw, 768px\" \/>\t\t\t\t\t\t\t\t\t\t\t\t\t\t\t<\/div>\n\t\t\t\t<\/div>\n\t\t\t\t<div class=\"elementor-element elementor-element-51eddb2 elementor-widget elementor-widget-image\" data-id=\"51eddb2\" data-element_type=\"widget\" data-widget_type=\"image.default\">\n\t\t\t\t<div class=\"elementor-widget-container\">\n\t\t\t\t\t\t\t\t\t\t\t\t\t\t\t<img decoding=\"async\" width=\"768\" height=\"1024\" src=\"https:\/\/aviomarintranet.com\/wp-content\/uploads\/2024\/01\/WhatsApp-Image-2024-01-12-at-2.52.25-PM-3.jpeg\" class=\"attachment-large size-large wp-image-452\" alt=\"\" srcset=\"https:\/\/aviomarintranet.com\/wp-content\/uploads\/2024\/01\/WhatsApp-Image-2024-01-12-at-2.52.25-PM-3.jpeg 768w, https:\/\/aviomarintranet.com\/wp-content\/uploads\/2024\/01\/WhatsApp-Image-2024-01-12-at-2.52.25-PM-3-225x300.jpeg 225w\" sizes=\"(max-width: 768px) 100vw, 768px\" \/>\t\t\t\t\t\t\t\t\t\t\t\t\t\t\t<\/div>\n\t\t\t\t<\/div>\n\t\t\t\t<div class=\"elementor-element elementor-element-eae8be1 elementor-widget elementor-widget-image\" data-id=\"eae8be1\" data-element_type=\"widget\" data-widget_type=\"image.default\">\n\t\t\t\t<div class=\"elementor-widget-container\">\n\t\t\t\t\t\t\t\t\t\t\t\t\t\t\t<img decoding=\"async\" width=\"768\" height=\"1024\" src=\"https:\/\/aviomarintranet.com\/wp-content\/uploads\/2024\/01\/WhatsApp-Image-2024-01-12-at-2.52.25-PM-5.jpeg\" class=\"attachment-large size-large wp-image-453\" alt=\"\" srcset=\"https:\/\/aviomarintranet.com\/wp-content\/uploads\/2024\/01\/WhatsApp-Image-2024-01-12-at-2.52.25-PM-5.jpeg 768w, https:\/\/aviomarintranet.com\/wp-content\/uploads\/2024\/01\/WhatsApp-Image-2024-01-12-at-2.52.25-PM-5-225x300.jpeg 225w\" sizes=\"(max-width: 768px) 100vw, 768px\" \/>\t\t\t\t\t\t\t\t\t\t\t\t\t\t\t<\/div>\n\t\t\t\t<\/div>\n\t\t\t\t<div class=\"elementor-element elementor-element-9b861cd elementor-widget elementor-widget-image\" data-id=\"9b861cd\" data-element_type=\"widget\" data-widget_type=\"image.default\">\n\t\t\t\t<div class=\"elementor-widget-container\">\n\t\t\t\t\t\t\t\t\t\t\t\t\t\t\t<img loading=\"lazy\" decoding=\"async\" width=\"1024\" height=\"768\" src=\"https:\/\/aviomarintranet.com\/wp-content\/uploads\/2024\/01\/WhatsApp-Image-2024-01-12-at-2.52.25-PM-2.jpeg\" class=\"attachment-large size-large wp-image-454\" alt=\"\" srcset=\"https:\/\/aviomarintranet.com\/wp-content\/uploads\/2024\/01\/WhatsApp-Image-2024-01-12-at-2.52.25-PM-2.jpeg 1024w, https:\/\/aviomarintranet.com\/wp-content\/uploads\/2024\/01\/WhatsApp-Image-2024-01-12-at-2.52.25-PM-2-300x225.jpeg 300w, https:\/\/aviomarintranet.com\/wp-content\/uploads\/2024\/01\/WhatsApp-Image-2024-01-12-at-2.52.25-PM-2-768x576.jpeg 768w\" sizes=\"(max-width: 1024px) 100vw, 1024px\" \/>\t\t\t\t\t\t\t\t\t\t\t\t\t\t\t<\/div>\n\t\t\t\t<\/div>\n\t\t\t\t<div class=\"elementor-element elementor-element-3accc84 elementor-widget elementor-widget-image\" data-id=\"3accc84\" data-element_type=\"widget\" data-widget_type=\"image.default\">\n\t\t\t\t<div class=\"elementor-widget-container\">\n\t\t\t\t\t\t\t\t\t\t\t\t\t\t\t<img loading=\"lazy\" decoding=\"async\" width=\"768\" height=\"1024\" src=\"https:\/\/aviomarintranet.com\/wp-content\/uploads\/2024\/01\/WhatsApp-Image-2024-01-12-at-2.52.25-PM.jpeg\" class=\"attachment-large size-large wp-image-455\" alt=\"\" srcset=\"https:\/\/aviomarintranet.com\/wp-content\/uploads\/2024\/01\/WhatsApp-Image-2024-01-12-at-2.52.25-PM.jpeg 768w, https:\/\/aviomarintranet.com\/wp-content\/uploads\/2024\/01\/WhatsApp-Image-2024-01-12-at-2.52.25-PM-225x300.jpeg 225w\" sizes=\"(max-width: 768px) 100vw, 768px\" \/>\t\t\t\t\t\t\t\t\t\t\t\t\t\t\t<\/div>\n\t\t\t\t<\/div>\n\t\t\t\t<div class=\"elementor-element elementor-element-2be83c5 elementor-widget elementor-widget-image\" data-id=\"2be83c5\" data-element_type=\"widget\" data-widget_type=\"image.default\">\n\t\t\t\t<div class=\"elementor-widget-container\">\n\t\t\t\t\t\t\t\t\t\t\t\t\t\t\t<img loading=\"lazy\" decoding=\"async\" width=\"304\" height=\"203\" src=\"https:\/\/aviomarintranet.com\/wp-content\/uploads\/2024\/01\/Imagen2.png\" class=\"attachment-large size-large wp-image-456\" alt=\"\" srcset=\"https:\/\/aviomarintranet.com\/wp-content\/uploads\/2024\/01\/Imagen2.png 304w, https:\/\/aviomarintranet.com\/wp-content\/uploads\/2024\/01\/Imagen2-300x200.png 300w\" sizes=\"(max-width: 304px) 100vw, 304px\" \/>\t\t\t\t\t\t\t\t\t\t\t\t\t\t\t<\/div>\n\t\t\t\t<\/div>\n\t\t\t\t\t<\/div>\n\t\t\t\t<\/div>\n\t\t\t\t\t<\/div>\n\t\t\t\t<\/div>\n\t\t<div class=\"elementor-element elementor-element-7e444bd e-flex e-con-boxed e-con e-parent\" data-id=\"7e444bd\" data-element_type=\"container\">\n\t\t\t\t\t<div class=\"e-con-inner\">\n\t\t\t\t<div class=\"elementor-element elementor-element-0951bc9 elementor-widget elementor-widget-heading\" data-id=\"0951bc9\" data-element_type=\"widget\" data-widget_type=\"heading.default\">\n\t\t\t\t<div class=\"elementor-widget-container\">\n\t\t\t\t\t<h2 class=\"elementor-heading-title elementor-size-default\">Manejo de Quejas y Monitoreo de Comentarios<\/h2>\t\t\t\t<\/div>\n\t\t\t\t<\/div>\n\t\t\t\t<div class=\"elementor-element elementor-element-26c48d1 elementor-widget elementor-widget-text-editor\" data-id=\"26c48d1\" data-element_type=\"widget\" data-widget_type=\"text-editor.default\">\n\t\t\t\t<div class=\"elementor-widget-container\">\n\t\t\t\t\t\t\t\t\t<p>El eficaz manejo de quejas ya sea de navieras o clientes, el monitoreo constante de comentarios en plataformas como TripAdvisor y GetYourGuide y las encuestas internas de satisfacci\u00f3n del cliente nos proporciona informaci\u00f3n directa sobre \u00e1reas de oportunidad y nos impulsa a elevar nuestros est\u00e1ndares, entender la experiencia del cliente y resaltar lo que nos distingue de la competencia, buscando perfeccionar esta medici\u00f3n y explorando opciones para su automatizaci\u00f3n.o.<\/p>\t\t\t\t\t\t\t\t<\/div>\n\t\t\t\t<\/div>\n\t\t<div class=\"elementor-element elementor-element-069433b e-grid e-con-boxed e-con e-child\" data-id=\"069433b\" data-element_type=\"container\">\n\t\t\t\t\t<div class=\"e-con-inner\">\n\t\t\t\t<div class=\"elementor-element elementor-element-fe7d100 elementor-widget elementor-widget-image\" data-id=\"fe7d100\" data-element_type=\"widget\" data-widget_type=\"image.default\">\n\t\t\t\t<div class=\"elementor-widget-container\">\n\t\t\t\t\t\t\t\t\t\t\t\t\t\t\t<img loading=\"lazy\" decoding=\"async\" width=\"300\" height=\"64\" src=\"https:\/\/aviomarintranet.com\/wp-content\/uploads\/2024\/01\/TripAdvisor_Logo.svg-300x64.png\" class=\"attachment-medium size-medium wp-image-460\" alt=\"\" srcset=\"https:\/\/aviomarintranet.com\/wp-content\/uploads\/2024\/01\/TripAdvisor_Logo.svg-300x64.png 300w, https:\/\/aviomarintranet.com\/wp-content\/uploads\/2024\/01\/TripAdvisor_Logo.svg-1024x218.png 1024w, https:\/\/aviomarintranet.com\/wp-content\/uploads\/2024\/01\/TripAdvisor_Logo.svg-768x163.png 768w, https:\/\/aviomarintranet.com\/wp-content\/uploads\/2024\/01\/TripAdvisor_Logo.svg.png 1200w\" sizes=\"(max-width: 300px) 100vw, 300px\" \/>\t\t\t\t\t\t\t\t\t\t\t\t\t\t\t<\/div>\n\t\t\t\t<\/div>\n\t\t\t\t<div class=\"elementor-element elementor-element-13f8ba9 elementor-widget elementor-widget-image\" data-id=\"13f8ba9\" data-element_type=\"widget\" data-widget_type=\"image.default\">\n\t\t\t\t<div class=\"elementor-widget-container\">\n\t\t\t\t\t\t\t\t\t\t\t\t\t\t\t<img loading=\"lazy\" decoding=\"async\" width=\"300\" height=\"200\" src=\"https:\/\/aviomarintranet.com\/wp-content\/uploads\/2024\/01\/Imagen3-300x200.png\" class=\"attachment-medium size-medium wp-image-461\" alt=\"\" srcset=\"https:\/\/aviomarintranet.com\/wp-content\/uploads\/2024\/01\/Imagen3-300x200.png 300w, https:\/\/aviomarintranet.com\/wp-content\/uploads\/2024\/01\/Imagen3.png 313w\" sizes=\"(max-width: 300px) 100vw, 300px\" \/>\t\t\t\t\t\t\t\t\t\t\t\t\t\t\t<\/div>\n\t\t\t\t<\/div>\n\t\t\t\t<div class=\"elementor-element elementor-element-35511d9 elementor-widget elementor-widget-image\" data-id=\"35511d9\" data-element_type=\"widget\" data-widget_type=\"image.default\">\n\t\t\t\t<div class=\"elementor-widget-container\">\n\t\t\t\t\t\t\t\t\t\t\t\t\t\t\t<img loading=\"lazy\" decoding=\"async\" width=\"300\" height=\"257\" src=\"https:\/\/aviomarintranet.com\/wp-content\/uploads\/2024\/01\/GetYourGuide_company_logo-300x257.png\" class=\"attachment-medium size-medium wp-image-462\" alt=\"\" srcset=\"https:\/\/aviomarintranet.com\/wp-content\/uploads\/2024\/01\/GetYourGuide_company_logo-300x257.png 300w, https:\/\/aviomarintranet.com\/wp-content\/uploads\/2024\/01\/GetYourGuide_company_logo-1024x876.png 1024w, https:\/\/aviomarintranet.com\/wp-content\/uploads\/2024\/01\/GetYourGuide_company_logo-768x657.png 768w, https:\/\/aviomarintranet.com\/wp-content\/uploads\/2024\/01\/GetYourGuide_company_logo-1536x1314.png 1536w, https:\/\/aviomarintranet.com\/wp-content\/uploads\/2024\/01\/GetYourGuide_company_logo-2048x1753.png 2048w\" sizes=\"(max-width: 300px) 100vw, 300px\" \/>\t\t\t\t\t\t\t\t\t\t\t\t\t\t\t<\/div>\n\t\t\t\t<\/div>\n\t\t\t\t\t<\/div>\n\t\t\t\t<\/div>\n\t\t\t\t\t<\/div>\n\t\t\t\t<\/div>\n\t\t<div class=\"elementor-element elementor-element-12249dd e-flex e-con-boxed e-con e-parent\" data-id=\"12249dd\" data-element_type=\"container\">\n\t\t\t\t\t<div class=\"e-con-inner\">\n\t\t\t\t<div class=\"elementor-element elementor-element-48c6be9 elementor-widget elementor-widget-heading\" data-id=\"48c6be9\" data-element_type=\"widget\" data-widget_type=\"heading.default\">\n\t\t\t\t<div class=\"elementor-widget-container\">\n\t\t\t\t\t<h2 class=\"elementor-heading-title elementor-size-default\">Gesti\u00f3n de Accidentes<\/h2>\t\t\t\t<\/div>\n\t\t\t\t<\/div>\n\t\t\t\t<div class=\"elementor-element elementor-element-75f825c elementor-widget elementor-widget-text-editor\" data-id=\"75f825c\" data-element_type=\"widget\" data-widget_type=\"text-editor.default\">\n\t\t\t\t<div class=\"elementor-widget-container\">\n\t\t\t\t\t\t\t\t\t<p>Hemos desarrollado l\u00edneas de trabajo espec\u00edficas, capacitaciones y diagramas de flujo para entender y abordar con rapidez cualquier accidente. Este enfoque no solo garantiza una respuesta efectiva a situaciones cr\u00edticas, sino que tambi\u00e9n crea una conciencia constante sobre la importancia de la prevenci\u00f3n. Estamos comprometidos a sensibilizar a nuestro personal en la adopci\u00f3n de una cultura de seguridad, donde cada empleado comprende su papel crucial en la minimizaci\u00f3n de riesgos y la creaci\u00f3n de un entorno de trabajo seguro.<\/p>\t\t\t\t\t\t\t\t<\/div>\n\t\t\t\t<\/div>\n\t\t\t\t\t<\/div>\n\t\t\t\t<\/div>\n\t\t<div class=\"elementor-element elementor-element-2dec1d4 e-flex e-con-boxed e-con e-parent\" data-id=\"2dec1d4\" data-element_type=\"container\">\n\t\t\t\t\t<div class=\"e-con-inner\">\n\t\t<div class=\"elementor-element elementor-element-ccb44db e-con-full e-flex e-con e-child\" data-id=\"ccb44db\" data-element_type=\"container\">\n\t\t\t\t<div class=\"elementor-element elementor-element-fa6fb10 elementor-widget elementor-widget-heading\" data-id=\"fa6fb10\" data-element_type=\"widget\" data-widget_type=\"heading.default\">\n\t\t\t\t<div class=\"elementor-widget-container\">\n\t\t\t\t\t<h2 class=\"elementor-heading-title elementor-size-default\">Accidentes de Trabajo<\/h2>\t\t\t\t<\/div>\n\t\t\t\t<\/div>\n\t\t\t\t<\/div>\n\t\t<div class=\"elementor-element elementor-element-3d2e271 e-con-full e-flex e-con e-child\" data-id=\"3d2e271\" data-element_type=\"container\">\n\t\t\t\t<div class=\"elementor-element elementor-element-61299d4 elementor-widget elementor-widget-heading\" data-id=\"61299d4\" data-element_type=\"widget\" data-widget_type=\"heading.default\">\n\t\t\t\t<div class=\"elementor-widget-container\">\n\t\t\t\t\t<h2 class=\"elementor-heading-title elementor-size-default\">Accidentes de Pasajeros<\/h2>\t\t\t\t<\/div>\n\t\t\t\t<\/div>\n\t\t\t\t<\/div>\n\t\t<div class=\"elementor-element elementor-element-134a8c8 e-con-full e-flex e-con e-child\" data-id=\"134a8c8\" data-element_type=\"container\">\n\t\t\t\t<div class=\"elementor-element elementor-element-d889dd5 elementor-widget elementor-widget-pdfjs_viewer\" data-id=\"d889dd5\" data-element_type=\"widget\" data-widget_type=\"pdfjs_viewer.default\">\n\t\t\t\t<div class=\"elementor-widget-container\">\n\t\t\t\t\t<iframe src=\"https:\/\/aviomarintranet.com\/wp-content\/plugins\/pdf-viewer-for-elementor\/assets\/pdfjs\/web\/viewer.html?file=https:\/\/aviomarintranet.com\/wp-content\/uploads\/2024\/01\/FLOWCHART-GESTION-DE-ACCIDENTES-DE-TRABAJO-actualizado.pdf&amp;embedded=true\" style=\"display: block; margin-left: auto; margin-right: auto; width: 640px; height: 440px;\" frameborder=\"1\" marginheight=\"0px\" marginwidth=\"0px\" allowfullscreen><\/iframe>\t\t\t\t<\/div>\n\t\t\t\t<\/div>\n\t\t\t\t<\/div>\n\t\t<div class=\"elementor-element elementor-element-20c0acc e-con-full e-flex e-con e-child\" data-id=\"20c0acc\" data-element_type=\"container\">\n\t\t\t\t<div class=\"elementor-element elementor-element-0ede278 elementor-widget elementor-widget-pdfjs_viewer\" data-id=\"0ede278\" data-element_type=\"widget\" data-widget_type=\"pdfjs_viewer.default\">\n\t\t\t\t<div class=\"elementor-widget-container\">\n\t\t\t\t\t<iframe src=\"https:\/\/aviomarintranet.com\/wp-content\/plugins\/pdf-viewer-for-elementor\/assets\/pdfjs\/web\/viewer.html?file=https:\/\/aviomarintranet.com\/wp-content\/uploads\/2024\/01\/FLOWCHART-GESTION-DE-ACCIDENTES-2023.pdf&amp;embedded=true\" style=\"display: block; margin-left: auto; margin-right: auto; width: 640px; height: 440px;\" frameborder=\"1\" marginheight=\"0px\" marginwidth=\"0px\" allowfullscreen><\/iframe>\t\t\t\t<\/div>\n\t\t\t\t<\/div>\n\t\t\t\t<\/div>\n\t\t\t\t\t<\/div>\n\t\t\t\t<\/div>\n\t\t<div class=\"elementor-element elementor-element-de1b764 e-flex e-con-boxed e-con e-parent\" data-id=\"de1b764\" data-element_type=\"container\">\n\t\t\t\t\t<div class=\"e-con-inner\">\n\t\t\t\t<div class=\"elementor-element elementor-element-d3008fb elementor-widget elementor-widget-heading\" data-id=\"d3008fb\" data-element_type=\"widget\" data-widget_type=\"heading.default\">\n\t\t\t\t<div class=\"elementor-widget-container\">\n\t\t\t\t\t<h2 class=\"elementor-heading-title elementor-size-default\">Seguros y Convenios con Hospitales<\/h2>\t\t\t\t<\/div>\n\t\t\t\t<\/div>\n\t\t\t\t<div class=\"elementor-element elementor-element-62b0639 elementor-widget elementor-widget-text-editor\" data-id=\"62b0639\" data-element_type=\"widget\" data-widget_type=\"text-editor.default\">\n\t\t\t\t<div class=\"elementor-widget-container\">\n\t\t\t\t\t\t\t\t\t<p>En el n\u00facleo de nuestra operaci\u00f3n yace la gesti\u00f3n de seguros y convenios. El departamento, en constante cuidado de la calidad y el control de riesgos, ha establecido un calendario para la evaluaci\u00f3n, vencimiento y renovaci\u00f3n de todos nuestros seguros. Esta pr\u00e1ctica no solo garantiza la continuidad de las operaciones sin contratiempos financieros, sino que tambi\u00e9n refuerza la confianza de nuestros clientes y socios que conf\u00edan en nuestros servicios.<\/p>\t\t\t\t\t\t\t\t<\/div>\n\t\t\t\t<\/div>\n\t\t<div class=\"elementor-element elementor-element-b7a7f4f e-grid e-con-boxed e-con e-child\" data-id=\"b7a7f4f\" data-element_type=\"container\">\n\t\t\t\t\t<div class=\"e-con-inner\">\n\t\t\t\t<div class=\"elementor-element elementor-element-7035bd0 elementor-widget elementor-widget-image\" data-id=\"7035bd0\" data-element_type=\"widget\" data-widget_type=\"image.default\">\n\t\t\t\t<div class=\"elementor-widget-container\">\n\t\t\t\t\t\t\t\t\t\t\t\t\t\t\t<img loading=\"lazy\" decoding=\"async\" width=\"651\" height=\"157\" src=\"https:\/\/aviomarintranet.com\/wp-content\/uploads\/2024\/01\/Imagen5.png\" class=\"attachment-medium_large size-medium_large wp-image-466\" alt=\"\" srcset=\"https:\/\/aviomarintranet.com\/wp-content\/uploads\/2024\/01\/Imagen5.png 651w, https:\/\/aviomarintranet.com\/wp-content\/uploads\/2024\/01\/Imagen5-300x72.png 300w\" sizes=\"(max-width: 651px) 100vw, 651px\" \/>\t\t\t\t\t\t\t\t\t\t\t\t\t\t\t<\/div>\n\t\t\t\t<\/div>\n\t\t\t\t<div class=\"elementor-element elementor-element-ca1bb85 elementor-widget elementor-widget-image\" data-id=\"ca1bb85\" data-element_type=\"widget\" data-widget_type=\"image.default\">\n\t\t\t\t<div class=\"elementor-widget-container\">\n\t\t\t\t\t\t\t\t\t\t\t\t\t\t\t<img loading=\"lazy\" decoding=\"async\" width=\"266\" height=\"87\" src=\"https:\/\/aviomarintranet.com\/wp-content\/uploads\/2024\/01\/Imagen6.png\" class=\"attachment-medium_large size-medium_large wp-image-467\" alt=\"\" \/>\t\t\t\t\t\t\t\t\t\t\t\t\t\t\t<\/div>\n\t\t\t\t<\/div>\n\t\t\t\t\t<\/div>\n\t\t\t\t<\/div>\n\t\t\t\t\t<\/div>\n\t\t\t\t<\/div>\n\t\t\t\t<\/div>\n\t\t","protected":false},"excerpt":{"rendered":"<p>Auditor\u00edas e Inspecciones En Aviomar, las auditor\u00edas e inspecciones desempe\u00f1an un papel crucial en nuestro compromiso con la calidad y seguridad. Realizamos evaluaciones internas y<a href=\"https:\/\/aviomarintranet.com\/index.php\/calidad\/\" class=\"more-link\">Ver m\u00e1s<\/a><\/p>\n","protected":false},"author":4,"featured_media":0,"parent":0,"menu_order":0,"comment_status":"closed","ping_status":"closed","template":"elementor_header_footer","meta":{"footnotes":""},"class_list":["post-417","page","type-page","status-publish","hentry"],"_links":{"self":[{"href":"https:\/\/aviomarintranet.com\/index.php\/wp-json\/wp\/v2\/pages\/417","targetHints":{"allow":["GET"]}}],"collection":[{"href":"https:\/\/aviomarintranet.com\/index.php\/wp-json\/wp\/v2\/pages"}],"about":[{"href":"https:\/\/aviomarintranet.com\/index.php\/wp-json\/wp\/v2\/types\/page"}],"author":[{"embeddable":true,"href":"https:\/\/aviomarintranet.com\/index.php\/wp-json\/wp\/v2\/users\/4"}],"replies":[{"embeddable":true,"href":"https:\/\/aviomarintranet.com\/index.php\/wp-json\/wp\/v2\/comments?post=417"}],"version-history":[{"count":42,"href":"https:\/\/aviomarintranet.com\/index.php\/wp-json\/wp\/v2\/pages\/417\/revisions"}],"predecessor-version":[{"id":473,"href":"https:\/\/aviomarintranet.com\/index.php\/wp-json\/wp\/v2\/pages\/417\/revisions\/473"}],"wp:attachment":[{"href":"https:\/\/aviomarintranet.com\/index.php\/wp-json\/wp\/v2\/media?parent=417"}],"curies":[{"name":"wp","href":"https:\/\/api.w.org\/{rel}","templated":true}]}}