{"id":332,"date":"2023-12-28T17:01:15","date_gmt":"2023-12-28T22:01:15","guid":{"rendered":"https:\/\/aviomarintranet.com\/?page_id=332"},"modified":"2024-01-30T12:04:58","modified_gmt":"2024-01-30T17:04:58","slug":"sustentabilidad","status":"publish","type":"page","link":"https:\/\/aviomarintranet.com\/index.php\/sustentabilidad\/","title":{"rendered":"Sustentabilidad"},"content":{"rendered":"\t\t<div data-elementor-type=\"wp-page\" data-elementor-id=\"332\" class=\"elementor elementor-332\">\n\t\t\t\t<div class=\"elementor-element elementor-element-af4d928 e-flex e-con-boxed e-con e-parent\" data-id=\"af4d928\" data-element_type=\"container\">\n\t\t\t\t\t<div class=\"e-con-inner\">\n\t\t\t\t<div class=\"elementor-element elementor-element-11009d6 elementor-widget elementor-widget-heading\" data-id=\"11009d6\" data-element_type=\"widget\" data-widget_type=\"heading.default\">\n\t\t\t\t<div class=\"elementor-widget-container\">\n\t\t\t\t\t<h2 class=\"elementor-heading-title elementor-size-default\">Campa\u00f1as de Sustentabilidad<\/h2>\t\t\t\t<\/div>\n\t\t\t\t<\/div>\n\t\t\t\t\t<\/div>\n\t\t\t\t<\/div>\n\t\t<div class=\"elementor-element elementor-element-c279a88 e-flex e-con-boxed e-con e-parent\" data-id=\"c279a88\" data-element_type=\"container\">\n\t\t\t\t\t<div class=\"e-con-inner\">\n\t\t<div class=\"elementor-element elementor-element-9864513 e-grid e-con-boxed e-con e-child\" data-id=\"9864513\" data-element_type=\"container\">\n\t\t\t\t\t<div class=\"e-con-inner\">\n\t\t\t\t<div class=\"elementor-element elementor-element-4af8d63 elementor-widget elementor-widget-image\" data-id=\"4af8d63\" data-element_type=\"widget\" data-widget_type=\"image.default\">\n\t\t\t\t<div class=\"elementor-widget-container\">\n\t\t\t\t\t\t\t\t\t\t\t\t\t\t\t<img fetchpriority=\"high\" decoding=\"async\" width=\"1024\" height=\"640\" src=\"https:\/\/aviomarintranet.com\/wp-content\/uploads\/2023\/12\/sus01-1024x640.png\" class=\"attachment-large size-large wp-image-369\" alt=\"\" srcset=\"https:\/\/aviomarintranet.com\/wp-content\/uploads\/2023\/12\/sus01-1024x640.png 1024w, https:\/\/aviomarintranet.com\/wp-content\/uploads\/2023\/12\/sus01-300x188.png 300w, https:\/\/aviomarintranet.com\/wp-content\/uploads\/2023\/12\/sus01-768x480.png 768w, https:\/\/aviomarintranet.com\/wp-content\/uploads\/2023\/12\/sus01.png 1280w\" sizes=\"(max-width: 1024px) 100vw, 1024px\" \/>\t\t\t\t\t\t\t\t\t\t\t\t\t\t\t<\/div>\n\t\t\t\t<\/div>\n\t\t\t\t<div class=\"elementor-element elementor-element-f41baf1 elementor-widget elementor-widget-text-editor\" data-id=\"f41baf1\" data-element_type=\"widget\" data-widget_type=\"text-editor.default\">\n\t\t\t\t<div class=\"elementor-widget-container\">\n\t\t\t\t\t\t\t\t\t<h2><strong>Pl\u00e1ticas y cursos del c\u00f3digo de conducta nacional para la protecci\u00f3n de ni\u00f1as, ni\u00f1os y adolescentes en operaciones tur\u00edsticas.<\/strong><\/h2><p>Operadora Aviomar se preocupa por el bienestar de los ni\u00f1os, ni\u00f1as y adolescentes de nuestra sociedad, por tal motivo trabaja en colaboraci\u00f3n con la Secretaria de Turismo para renovar el c\u00f3digo de conducta nacional para la protecci\u00f3n de ni\u00f1as, ni\u00f1os y adolescentes en el sector de los viajes y el turismo. Como primera parte de este trabajo se brindan cursos de capacitaci\u00f3n para nuestro personal<\/p><p>.<\/p>\t\t\t\t\t\t\t\t<\/div>\n\t\t\t\t<\/div>\n\t\t\t\t<div class=\"elementor-element elementor-element-7f5c7d2 elementor-widget elementor-widget-text-editor\" data-id=\"7f5c7d2\" data-element_type=\"widget\" data-widget_type=\"text-editor.default\">\n\t\t\t\t<div class=\"elementor-widget-container\">\n\t\t\t\t\t\t\t\t\t<h2><strong>Campa\u00f1as de monitoreos de tortuga.<\/strong><\/h2><p>Operadora Aviomar cuenta con una brigada anual en la cual personal de la empresa de Mayo a Septiembre realiza la importante tarea de monitorear nidos de tortuga con el objetivo de preservar estas especies que se encuentran en peligro de extinci\u00f3n, una noble labor con un prop\u00f3sito muy claro, que las generaciones futuras puedan convivir con estos seres vivos incre\u00edbles.<\/p>\t\t\t\t\t\t\t\t<\/div>\n\t\t\t\t<\/div>\n\t\t\t\t<div class=\"elementor-element elementor-element-d03cde1 elementor-widget elementor-widget-image\" data-id=\"d03cde1\" data-element_type=\"widget\" data-widget_type=\"image.default\">\n\t\t\t\t<div class=\"elementor-widget-container\">\n\t\t\t\t\t\t\t\t\t\t\t\t\t\t\t<img decoding=\"async\" width=\"1024\" height=\"640\" src=\"https:\/\/aviomarintranet.com\/wp-content\/uploads\/2023\/12\/sus02-1024x640.png\" class=\"attachment-large size-large wp-image-370\" alt=\"\" srcset=\"https:\/\/aviomarintranet.com\/wp-content\/uploads\/2023\/12\/sus02-1024x640.png 1024w, https:\/\/aviomarintranet.com\/wp-content\/uploads\/2023\/12\/sus02-300x188.png 300w, https:\/\/aviomarintranet.com\/wp-content\/uploads\/2023\/12\/sus02-768x480.png 768w, https:\/\/aviomarintranet.com\/wp-content\/uploads\/2023\/12\/sus02.png 1280w\" sizes=\"(max-width: 1024px) 100vw, 1024px\" \/>\t\t\t\t\t\t\t\t\t\t\t\t\t\t\t<\/div>\n\t\t\t\t<\/div>\n\t\t\t\t<div class=\"elementor-element elementor-element-fb5f2ad elementor-widget elementor-widget-image\" data-id=\"fb5f2ad\" data-element_type=\"widget\" data-widget_type=\"image.default\">\n\t\t\t\t<div class=\"elementor-widget-container\">\n\t\t\t\t\t\t\t\t\t\t\t\t\t\t\t<img decoding=\"async\" width=\"1024\" height=\"640\" src=\"https:\/\/aviomarintranet.com\/wp-content\/uploads\/2023\/12\/sus03-1024x640.png\" class=\"attachment-large size-large wp-image-371\" alt=\"\" srcset=\"https:\/\/aviomarintranet.com\/wp-content\/uploads\/2023\/12\/sus03-1024x640.png 1024w, https:\/\/aviomarintranet.com\/wp-content\/uploads\/2023\/12\/sus03-300x188.png 300w, https:\/\/aviomarintranet.com\/wp-content\/uploads\/2023\/12\/sus03-768x480.png 768w, https:\/\/aviomarintranet.com\/wp-content\/uploads\/2023\/12\/sus03.png 1280w\" sizes=\"(max-width: 1024px) 100vw, 1024px\" \/>\t\t\t\t\t\t\t\t\t\t\t\t\t\t\t<\/div>\n\t\t\t\t<\/div>\n\t\t\t\t<div class=\"elementor-element elementor-element-ad9e2e0 elementor-widget elementor-widget-text-editor\" data-id=\"ad9e2e0\" data-element_type=\"widget\" data-widget_type=\"text-editor.default\">\n\t\t\t\t<div class=\"elementor-widget-container\">\n\t\t\t\t\t\t\t\t\t<h2><strong>Campa\u00f1as de reforestaci\u00f3n.<\/strong><\/h2><p>La reforestaci\u00f3n es una labor con un impacto positivo en el medio ambiente los \u00e1rboles no solo nos brindan oxigeno tambi\u00e9n nos ayudan a reducir la huella de carbono que generamos en las operaciones tur\u00edsticas. En Operadora Aviomar estamos conscientes de esto y por ellos se llevan a cabo campa\u00f1as de plantaci\u00f3n de \u00e1rboles frutales aut\u00f3ctonos de la regi\u00f3n.<\/p>\t\t\t\t\t\t\t\t<\/div>\n\t\t\t\t<\/div>\n\t\t\t\t<div class=\"elementor-element elementor-element-4c1d141 elementor-widget elementor-widget-text-editor\" data-id=\"4c1d141\" data-element_type=\"widget\" data-widget_type=\"text-editor.default\">\n\t\t\t\t<div class=\"elementor-widget-container\">\n\t\t\t\t\t\t\t\t\t<h2><strong>\u00c1reas de reciclaje en locaciones y oficina.<\/strong><\/h2><p>Las \u00e1reas de reciclaje existen en cada locaci\u00f3n\u00a0 de Aviomar con la finalidad de la correcta separaci\u00f3n de los residuos reutilizables, facilitando en gran medida el destino final de cada una de ellos y garantizando que nuestra empresa no est\u00e1 da\u00f1ando el medio ambiente del lugar donde laboramos.<\/p>\t\t\t\t\t\t\t\t<\/div>\n\t\t\t\t<\/div>\n\t\t\t\t<div class=\"elementor-element elementor-element-fc8168b elementor-widget elementor-widget-image\" data-id=\"fc8168b\" data-element_type=\"widget\" data-widget_type=\"image.default\">\n\t\t\t\t<div class=\"elementor-widget-container\">\n\t\t\t\t\t\t\t\t\t\t\t\t\t\t\t<img loading=\"lazy\" decoding=\"async\" width=\"1024\" height=\"640\" src=\"https:\/\/aviomarintranet.com\/wp-content\/uploads\/2023\/12\/sus04-1024x640.png\" class=\"attachment-large size-large wp-image-372\" alt=\"\" srcset=\"https:\/\/aviomarintranet.com\/wp-content\/uploads\/2023\/12\/sus04-1024x640.png 1024w, https:\/\/aviomarintranet.com\/wp-content\/uploads\/2023\/12\/sus04-300x188.png 300w, https:\/\/aviomarintranet.com\/wp-content\/uploads\/2023\/12\/sus04-768x480.png 768w, https:\/\/aviomarintranet.com\/wp-content\/uploads\/2023\/12\/sus04.png 1280w\" sizes=\"(max-width: 1024px) 100vw, 1024px\" \/>\t\t\t\t\t\t\t\t\t\t\t\t\t\t\t<\/div>\n\t\t\t\t<\/div>\n\t\t\t\t<div class=\"elementor-element elementor-element-6e4cbd6 elementor-widget elementor-widget-image\" data-id=\"6e4cbd6\" data-element_type=\"widget\" data-widget_type=\"image.default\">\n\t\t\t\t<div class=\"elementor-widget-container\">\n\t\t\t\t\t\t\t\t\t\t\t\t\t\t\t<img loading=\"lazy\" decoding=\"async\" width=\"1024\" height=\"640\" src=\"https:\/\/aviomarintranet.com\/wp-content\/uploads\/2023\/12\/sus05-1024x640.png\" class=\"attachment-large size-large wp-image-373\" alt=\"\" srcset=\"https:\/\/aviomarintranet.com\/wp-content\/uploads\/2023\/12\/sus05-1024x640.png 1024w, https:\/\/aviomarintranet.com\/wp-content\/uploads\/2023\/12\/sus05-300x188.png 300w, https:\/\/aviomarintranet.com\/wp-content\/uploads\/2023\/12\/sus05-768x480.png 768w, https:\/\/aviomarintranet.com\/wp-content\/uploads\/2023\/12\/sus05.png 1280w\" sizes=\"(max-width: 1024px) 100vw, 1024px\" \/>\t\t\t\t\t\t\t\t\t\t\t\t\t\t\t<\/div>\n\t\t\t\t<\/div>\n\t\t\t\t<div class=\"elementor-element elementor-element-93b9a57 elementor-widget elementor-widget-text-editor\" data-id=\"93b9a57\" data-element_type=\"widget\" data-widget_type=\"text-editor.default\">\n\t\t\t\t<div class=\"elementor-widget-container\">\n\t\t\t\t\t\t\t\t\t<h2><strong>Campa\u00f1as para eliminaci\u00f3n de pl\u00e1sticos de un solo uso en operaciones tur\u00edsticas.<\/strong><\/h2><h2>\u00a0<\/h2><p>En Operadora Aviomar estamos seguros de que la formaci\u00f3n medio ambiental es el camino para que nuestros colaboradores entiendan la importancia del cuidado de los recursos naturales y paisaj\u00edsticos de nuestra isla por tal motivo se brindan pl\u00e1ticas para reforzar estos conocimientos.<\/p>\t\t\t\t\t\t\t\t<\/div>\n\t\t\t\t<\/div>\n\t\t\t\t<div class=\"elementor-element elementor-element-eb6821b elementor-widget elementor-widget-text-editor\" data-id=\"eb6821b\" data-element_type=\"widget\" data-widget_type=\"text-editor.default\">\n\t\t\t\t<div class=\"elementor-widget-container\">\n\t\t\t\t\t\t\t\t\t<h2><strong>Pl\u00e1ticas de temas medio ambientales.<\/strong><\/h2><p>El esfuerzo en conjunto brinda mejores resultados es por ello que en Aviomar se buscan alianzas estrat\u00e9gicas como las que se est\u00e1n trabajan con PARLEY, organizaci\u00f3n que nos ayudar\u00e1 a reducir los pl\u00e1sticos de un solo uso de nuestras operaciones pero que adem\u00e1s nos pone un paso adelante en la lucha contra la contaminaci\u00f3n de los oc\u00e9anos por este residuo.<\/p>\t\t\t\t\t\t\t\t<\/div>\n\t\t\t\t<\/div>\n\t\t\t\t<div class=\"elementor-element elementor-element-f16eaa4 elementor-widget elementor-widget-image\" data-id=\"f16eaa4\" data-element_type=\"widget\" data-widget_type=\"image.default\">\n\t\t\t\t<div class=\"elementor-widget-container\">\n\t\t\t\t\t\t\t\t\t\t\t\t\t\t\t<img loading=\"lazy\" decoding=\"async\" width=\"1024\" height=\"640\" src=\"https:\/\/aviomarintranet.com\/wp-content\/uploads\/2023\/12\/sus06-1024x640.png\" class=\"attachment-large size-large wp-image-374\" alt=\"\" srcset=\"https:\/\/aviomarintranet.com\/wp-content\/uploads\/2023\/12\/sus06-1024x640.png 1024w, https:\/\/aviomarintranet.com\/wp-content\/uploads\/2023\/12\/sus06-300x188.png 300w, https:\/\/aviomarintranet.com\/wp-content\/uploads\/2023\/12\/sus06-768x480.png 768w, https:\/\/aviomarintranet.com\/wp-content\/uploads\/2023\/12\/sus06.png 1280w\" sizes=\"(max-width: 1024px) 100vw, 1024px\" \/>\t\t\t\t\t\t\t\t\t\t\t\t\t\t\t<\/div>\n\t\t\t\t<\/div>\n\t\t\t\t\t<\/div>\n\t\t\t\t<\/div>\n\t\t\t\t\t<\/div>\n\t\t\t\t<\/div>\n\t\t<div class=\"elementor-element elementor-element-5a6c06a e-flex e-con-boxed e-con e-parent\" data-id=\"5a6c06a\" data-element_type=\"container\">\n\t\t\t\t\t<div class=\"e-con-inner\">\n\t\t\t\t<div class=\"elementor-element elementor-element-9912879 elementor-widget-divider--view-line elementor-widget elementor-widget-divider\" data-id=\"9912879\" data-element_type=\"widget\" data-widget_type=\"divider.default\">\n\t\t\t\t<div class=\"elementor-widget-container\">\n\t\t\t\t\t\t\t<div class=\"elementor-divider\">\n\t\t\t<span class=\"elementor-divider-separator\">\n\t\t\t\t\t\t<\/span>\n\t\t<\/div>\n\t\t\t\t\t\t<\/div>\n\t\t\t\t<\/div>\n\t\t\t\t\t<\/div>\n\t\t\t\t<\/div>\n\t\t\t\t<\/div>\n\t\t","protected":false},"excerpt":{"rendered":"<p>Campa\u00f1as de Sustentabilidad Pl\u00e1ticas y cursos del c\u00f3digo de conducta nacional para la protecci\u00f3n de ni\u00f1as, ni\u00f1os y adolescentes en operaciones tur\u00edsticas. Operadora Aviomar se<a href=\"https:\/\/aviomarintranet.com\/index.php\/sustentabilidad\/\" class=\"more-link\">Ver m\u00e1s<\/a><\/p>\n","protected":false},"author":4,"featured_media":0,"parent":0,"menu_order":0,"comment_status":"closed","ping_status":"closed","template":"elementor_header_footer","meta":{"footnotes":""},"class_list":["post-332","page","type-page","status-publish","hentry"],"_links":{"self":[{"href":"https:\/\/aviomarintranet.com\/index.php\/wp-json\/wp\/v2\/pages\/332","targetHints":{"allow":["GET"]}}],"collection":[{"href":"https:\/\/aviomarintranet.com\/index.php\/wp-json\/wp\/v2\/pages"}],"about":[{"href":"https:\/\/aviomarintranet.com\/index.php\/wp-json\/wp\/v2\/types\/page"}],"author":[{"embeddable":true,"href":"https:\/\/aviomarintranet.com\/index.php\/wp-json\/wp\/v2\/users\/4"}],"replies":[{"embeddable":true,"href":"https:\/\/aviomarintranet.com\/index.php\/wp-json\/wp\/v2\/comments?post=332"}],"version-history":[{"count":19,"href":"https:\/\/aviomarintranet.com\/index.php\/wp-json\/wp\/v2\/pages\/332\/revisions"}],"predecessor-version":[{"id":761,"href":"https:\/\/aviomarintranet.com\/index.php\/wp-json\/wp\/v2\/pages\/332\/revisions\/761"}],"wp:attachment":[{"href":"https:\/\/aviomarintranet.com\/index.php\/wp-json\/wp\/v2\/media?parent=332"}],"curies":[{"name":"wp","href":"https:\/\/api.w.org\/{rel}","templated":true}]}}