{"id":145,"date":"2019-06-13T10:14:20","date_gmt":"2019-06-13T10:14:20","guid":{"rendered":"https:\/\/demo.themefreesia.com\/extension\/?page_id=145"},"modified":"2024-01-26T13:23:00","modified_gmt":"2024-01-26T18:23:00","slug":"about-us","status":"publish","type":"page","link":"https:\/\/aviomarintranet.com\/index.php\/about-us\/","title":{"rendered":"Empresa"},"content":{"rendered":"\t\t<div data-elementor-type=\"wp-post\" data-elementor-id=\"145\" class=\"elementor elementor-145\">\n\t\t\t\t\t\t<section class=\"elementor-section elementor-top-section elementor-element elementor-element-285c372 elementor-section-content-middle elementor-section-boxed elementor-section-height-default elementor-section-height-default\" data-id=\"285c372\" data-element_type=\"section\">\n\t\t\t\t\t\t<div class=\"elementor-container elementor-column-gap-default\">\n\t\t\t\t\t<div class=\"elementor-column elementor-col-50 elementor-top-column elementor-element elementor-element-8ad2946\" data-id=\"8ad2946\" data-element_type=\"column\">\n\t\t\t<div class=\"elementor-widget-wrap elementor-element-populated\">\n\t\t\t\t\t\t<div class=\"elementor-element elementor-element-f5255c1 elementor-widget elementor-widget-image\" data-id=\"f5255c1\" data-element_type=\"widget\" data-widget_type=\"image.default\">\n\t\t\t\t<div class=\"elementor-widget-container\">\n\t\t\t\t\t\t\t\t\t\t\t\t\t\t\t<img fetchpriority=\"high\" decoding=\"async\" width=\"943\" height=\"553\" src=\"https:\/\/aviomarintranet.com\/wp-content\/uploads\/2024\/01\/Aviomar-cumple-51.jpg\" class=\"attachment-large size-large wp-image-543\" alt=\"\" srcset=\"https:\/\/aviomarintranet.com\/wp-content\/uploads\/2024\/01\/Aviomar-cumple-51.jpg 943w, https:\/\/aviomarintranet.com\/wp-content\/uploads\/2024\/01\/Aviomar-cumple-51-300x176.jpg 300w, https:\/\/aviomarintranet.com\/wp-content\/uploads\/2024\/01\/Aviomar-cumple-51-768x450.jpg 768w\" sizes=\"(max-width: 943px) 100vw, 943px\" \/>\t\t\t\t\t\t\t\t\t\t\t\t\t\t\t<\/div>\n\t\t\t\t<\/div>\n\t\t\t\t\t<\/div>\n\t\t<\/div>\n\t\t\t\t<div class=\"elementor-column elementor-col-50 elementor-top-column elementor-element elementor-element-fb5c158\" data-id=\"fb5c158\" data-element_type=\"column\">\n\t\t\t<div class=\"elementor-widget-wrap elementor-element-populated\">\n\t\t\t\t\t\t<div class=\"elementor-element elementor-element-7461464 elementor-widget elementor-widget-text-editor\" data-id=\"7461464\" data-element_type=\"widget\" data-widget_type=\"text-editor.default\">\n\t\t\t\t<div class=\"elementor-widget-container\">\n\t\t\t\t\t\t\t\t\t<p>Aviomar Adventures como la conocemos hoy, floreci\u00f3 con el deseo de mostrar al mundo las costumbres y valores que ofrece la cultura mexicana. Nuestra historia comienza en 1969, con la fundaci\u00f3n de una Agencia de Viajes cuyo prop\u00f3sito era ofrecer experiencias \u00fanicas y excursiones a los sitios Arqueol\u00f3gicos Mayas de Chichen Itz\u00e1, Uxmal, Ruta Puuc, Museos, y cualquier otro lugar de inter\u00e9s en el Sureste de M\u00e9xico. La primera oficina se inaugur\u00f3 en M\u00e9rida, Yucat\u00e1n con s\u00f3lo seis empleados. Durante este tiempo, nuestros principales clientes eran grupos europeos que llegaban por v\u00eda a\u00e9rea. La empresa decidi\u00f3 ampliar el mercado involucrando la creaci\u00f3n y promoci\u00f3n de cruceros como turismo masivo; operando en el Puerto de Progreso, Yucat\u00e1n.<\/p><p>En 1970, The Eastern Steamship Company decidi\u00f3 incluir a Cozumel en el itinerario de sus embarcaciones; iniciando el \u00e9xito del Caribe Mexicano como destino y proporcion\u00e1ndonos una expansi\u00f3n a Cozumel, destino n\u00famero uno en arribos de la industria de cruceros.<\/p>\t\t\t\t\t\t\t\t<\/div>\n\t\t\t\t<\/div>\n\t\t\t\t\t<\/div>\n\t\t<\/div>\n\t\t\t\t\t<\/div>\n\t\t<\/section>\n\t\t<div class=\"elementor-element elementor-element-6824e06 e-flex e-con-boxed e-con e-parent\" data-id=\"6824e06\" data-element_type=\"container\">\n\t\t\t\t\t<div class=\"e-con-inner\">\n\t\t\t\t<div class=\"elementor-element elementor-element-b28c750 elementor-widget elementor-widget-heading\" data-id=\"b28c750\" data-element_type=\"widget\" data-widget_type=\"heading.default\">\n\t\t\t\t<div class=\"elementor-widget-container\">\n\t\t\t\t\t<h2 class=\"elementor-heading-title elementor-size-default\">Valores y Principios<\/h2>\t\t\t\t<\/div>\n\t\t\t\t<\/div>\n\t\t\t\t\t<\/div>\n\t\t\t\t<\/div>\n\t\t<div class=\"elementor-element elementor-element-296bd2a e-flex e-con-boxed e-con e-parent\" data-id=\"296bd2a\" data-element_type=\"container\">\n\t\t\t\t\t<div class=\"e-con-inner\">\n\t\t<div class=\"elementor-element elementor-element-6628f5a e-con-full e-flex e-con e-child\" data-id=\"6628f5a\" data-element_type=\"container\">\n\t\t\t\t<div class=\"elementor-element elementor-element-625e4ab elementor-widget elementor-widget-heading\" data-id=\"625e4ab\" data-element_type=\"widget\" data-widget_type=\"heading.default\">\n\t\t\t\t<div class=\"elementor-widget-container\">\n\t\t\t\t\t<h2 class=\"elementor-heading-title elementor-size-default\">Confiabilidad<\/h2>\t\t\t\t<\/div>\n\t\t\t\t<\/div>\n\t\t\t\t<div class=\"elementor-element elementor-element-219549d elementor-widget elementor-widget-heading\" data-id=\"219549d\" data-element_type=\"widget\" data-widget_type=\"heading.default\">\n\t\t\t\t<div class=\"elementor-widget-container\">\n\t\t\t\t\t<h2 class=\"elementor-heading-title elementor-size-default\">Innovaci\u00f3n<\/h2>\t\t\t\t<\/div>\n\t\t\t\t<\/div>\n\t\t\t\t<div class=\"elementor-element elementor-element-506610f elementor-widget elementor-widget-heading\" data-id=\"506610f\" data-element_type=\"widget\" data-widget_type=\"heading.default\">\n\t\t\t\t<div class=\"elementor-widget-container\">\n\t\t\t\t\t<h2 class=\"elementor-heading-title elementor-size-default\">Excelencia<\/h2>\t\t\t\t<\/div>\n\t\t\t\t<\/div>\n\t\t\t\t<div class=\"elementor-element elementor-element-4342c08 elementor-widget elementor-widget-heading\" data-id=\"4342c08\" data-element_type=\"widget\" data-widget_type=\"heading.default\">\n\t\t\t\t<div class=\"elementor-widget-container\">\n\t\t\t\t\t<h2 class=\"elementor-heading-title elementor-size-default\">Pasi\u00f3n<\/h2>\t\t\t\t<\/div>\n\t\t\t\t<\/div>\n\t\t\t\t<div class=\"elementor-element elementor-element-454749a elementor-widget elementor-widget-heading\" data-id=\"454749a\" data-element_type=\"widget\" data-widget_type=\"heading.default\">\n\t\t\t\t<div class=\"elementor-widget-container\">\n\t\t\t\t\t<h2 class=\"elementor-heading-title elementor-size-default\">Sustentabilidad<\/h2>\t\t\t\t<\/div>\n\t\t\t\t<\/div>\n\t\t\t\t<div class=\"elementor-element elementor-element-6f773fa elementor-widget elementor-widget-heading\" data-id=\"6f773fa\" data-element_type=\"widget\" data-widget_type=\"heading.default\">\n\t\t\t\t<div class=\"elementor-widget-container\">\n\t\t\t\t\t<h2 class=\"elementor-heading-title elementor-size-default\">Trabajo en Equipo<\/h2>\t\t\t\t<\/div>\n\t\t\t\t<\/div>\n\t\t\t\t<div class=\"elementor-element elementor-element-9e799a9 elementor-widget elementor-widget-heading\" data-id=\"9e799a9\" data-element_type=\"widget\" data-widget_type=\"heading.default\">\n\t\t\t\t<div class=\"elementor-widget-container\">\n\t\t\t\t\t<h2 class=\"elementor-heading-title elementor-size-default\">Seguridad<\/h2>\t\t\t\t<\/div>\n\t\t\t\t<\/div>\n\t\t\t\t<\/div>\n\t\t<div class=\"elementor-element elementor-element-caa12d0 e-con-full e-flex e-con e-child\" data-id=\"caa12d0\" data-element_type=\"container\">\n\t\t\t\t<div class=\"elementor-element elementor-element-242814a elementor-widget elementor-widget-text-editor\" data-id=\"242814a\" data-element_type=\"widget\" data-widget_type=\"text-editor.default\">\n\t\t\t\t<div class=\"elementor-widget-container\">\n\t\t\t\t\t\t\t\t\t<p>Cumplir con los requisitos y necesidades de nuestros clientes. Desempe\u00f1o con exactitud y puntualidad.<\/p>\t\t\t\t\t\t\t\t<\/div>\n\t\t\t\t<\/div>\n\t\t\t\t<div class=\"elementor-element elementor-element-ca38175 elementor-widget elementor-widget-text-editor\" data-id=\"ca38175\" data-element_type=\"widget\" data-widget_type=\"text-editor.default\">\n\t\t\t\t<div class=\"elementor-widget-container\">\n\t\t\t\t\t\t\t\t\t<p>Buscar el cambio con ideas que impulsan la vanguardia. Ser creativos para generar experiencias inolvidables<\/p>\t\t\t\t\t\t\t\t<\/div>\n\t\t\t\t<\/div>\n\t\t\t\t<div class=\"elementor-element elementor-element-bfcb690 elementor-widget elementor-widget-text-editor\" data-id=\"bfcb690\" data-element_type=\"widget\" data-widget_type=\"text-editor.default\">\n\t\t\t\t<div class=\"elementor-widget-container\">\n\t\t\t\t\t\t\t\t\t<p>Generar valor en todas nuestras acciones. Hacer las cosas bien desde el principio y consistentemente.<\/p>\t\t\t\t\t\t\t\t<\/div>\n\t\t\t\t<\/div>\n\t\t\t\t<div class=\"elementor-element elementor-element-ab80e1f elementor-widget elementor-widget-text-editor\" data-id=\"ab80e1f\" data-element_type=\"widget\" data-widget_type=\"text-editor.default\">\n\t\t\t\t<div class=\"elementor-widget-container\">\n\t\t\t\t\t\t\t\t\t<p>La atenci\u00f3n al cliente tiene prioridad sobre cualquier actividad..<\/p>\t\t\t\t\t\t\t\t<\/div>\n\t\t\t\t<\/div>\n\t\t\t\t<div class=\"elementor-element elementor-element-6b5df9b elementor-widget elementor-widget-text-editor\" data-id=\"6b5df9b\" data-element_type=\"widget\" data-widget_type=\"text-editor.default\">\n\t\t\t\t<div class=\"elementor-widget-container\">\n\t\t\t\t\t\t\t\t\t<p>Todas nuestras acciones procurany conservan el medio ambiente. Utilizamos de manera eficiente los recursos.<\/p>\t\t\t\t\t\t\t\t<\/div>\n\t\t\t\t<\/div>\n\t\t\t\t<div class=\"elementor-element elementor-element-98d86a4 elementor-widget elementor-widget-text-editor\" data-id=\"98d86a4\" data-element_type=\"widget\" data-widget_type=\"text-editor.default\">\n\t\t\t\t<div class=\"elementor-widget-container\">\n\t\t\t\t\t\t\t\t\t<p>Unidos lo hacemos mejor. Lograr acuerdos que generen valor partiendo de los distintos puntos de vista.<\/p>\t\t\t\t\t\t\t\t<\/div>\n\t\t\t\t<\/div>\n\t\t\t\t<div class=\"elementor-element elementor-element-4d3d172 elementor-widget elementor-widget-text-editor\" data-id=\"4d3d172\" data-element_type=\"widget\" data-widget_type=\"text-editor.default\">\n\t\t\t\t<div class=\"elementor-widget-container\">\n\t\t\t\t\t\t\t\t\t<p>La seguridad es primero. Cuidar la integridad f\u00edsica de nuestros clientes y colaboradores.<\/p>\t\t\t\t\t\t\t\t<\/div>\n\t\t\t\t<\/div>\n\t\t\t\t<\/div>\n\t\t\t\t\t<\/div>\n\t\t\t\t<\/div>\n\t\t<div class=\"elementor-element elementor-element-6edd716 e-flex e-con-boxed e-con e-parent\" data-id=\"6edd716\" data-element_type=\"container\">\n\t\t\t\t\t<div class=\"e-con-inner\">\n\t\t\t\t<div class=\"elementor-element elementor-element-977ddb3 elementor-widget-divider--view-line elementor-widget elementor-widget-divider\" data-id=\"977ddb3\" data-element_type=\"widget\" data-widget_type=\"divider.default\">\n\t\t\t\t<div class=\"elementor-widget-container\">\n\t\t\t\t\t\t\t<div class=\"elementor-divider\">\n\t\t\t<span class=\"elementor-divider-separator\">\n\t\t\t\t\t\t<\/span>\n\t\t<\/div>\n\t\t\t\t\t\t<\/div>\n\t\t\t\t<\/div>\n\t\t\t\t\t<\/div>\n\t\t\t\t<\/div>\n\t\t<div class=\"elementor-element elementor-element-92dfb4e e-flex e-con-boxed e-con e-parent\" data-id=\"92dfb4e\" data-element_type=\"container\">\n\t\t\t\t\t<div class=\"e-con-inner\">\n\t\t<div class=\"elementor-element elementor-element-9b9b32a e-con-full e-flex e-con e-child\" data-id=\"9b9b32a\" data-element_type=\"container\">\n\t\t\t\t<div class=\"elementor-element elementor-element-9f0f1aa elementor-widget elementor-widget-image\" data-id=\"9f0f1aa\" data-element_type=\"widget\" data-widget_type=\"image.default\">\n\t\t\t\t<div class=\"elementor-widget-container\">\n\t\t\t\t\t\t\t\t\t\t\t\t\t\t\t<img decoding=\"async\" width=\"800\" height=\"800\" src=\"https:\/\/aviomarintranet.com\/wp-content\/uploads\/2023\/12\/joana.jpg\" class=\"attachment-large size-large wp-image-313\" alt=\"\" srcset=\"https:\/\/aviomarintranet.com\/wp-content\/uploads\/2023\/12\/joana.jpg 800w, https:\/\/aviomarintranet.com\/wp-content\/uploads\/2023\/12\/joana-300x300.jpg 300w, https:\/\/aviomarintranet.com\/wp-content\/uploads\/2023\/12\/joana-150x150.jpg 150w, https:\/\/aviomarintranet.com\/wp-content\/uploads\/2023\/12\/joana-768x768.jpg 768w, https:\/\/aviomarintranet.com\/wp-content\/uploads\/2023\/12\/joana-75x75.jpg 75w\" sizes=\"(max-width: 800px) 100vw, 800px\" \/>\t\t\t\t\t\t\t\t\t\t\t\t\t\t\t<\/div>\n\t\t\t\t<\/div>\n\t\t\t\t<div class=\"elementor-element elementor-element-7645800 elementor-widget elementor-widget-heading\" data-id=\"7645800\" data-element_type=\"widget\" data-widget_type=\"heading.default\">\n\t\t\t\t<div class=\"elementor-widget-container\">\n\t\t\t\t\t<h6 class=\"elementor-heading-title elementor-size-default\">Joana Silva<\/h6>\t\t\t\t<\/div>\n\t\t\t\t<\/div>\n\t\t\t\t<div class=\"elementor-element elementor-element-3ba39df elementor-widget elementor-widget-text-editor\" data-id=\"3ba39df\" data-element_type=\"widget\" data-widget_type=\"text-editor.default\">\n\t\t\t\t<div class=\"elementor-widget-container\">\n\t\t\t\t\t\t\t\t\t<p>DIRECTOR GENERAL<\/p>\t\t\t\t\t\t\t\t<\/div>\n\t\t\t\t<\/div>\n\t\t\t\t<\/div>\n\t\t<div class=\"elementor-element elementor-element-5575f69 e-con-full e-flex e-con e-child\" data-id=\"5575f69\" data-element_type=\"container\">\n\t\t\t\t<div class=\"elementor-element elementor-element-571b5c1 elementor-widget elementor-widget-image\" data-id=\"571b5c1\" data-element_type=\"widget\" data-widget_type=\"image.default\">\n\t\t\t\t<div class=\"elementor-widget-container\">\n\t\t\t\t\t\t\t\t\t\t\t\t\t\t\t<img decoding=\"async\" width=\"800\" height=\"800\" src=\"https:\/\/aviomarintranet.com\/wp-content\/uploads\/2023\/12\/cris.jpg\" class=\"attachment-large size-large wp-image-315\" alt=\"\" srcset=\"https:\/\/aviomarintranet.com\/wp-content\/uploads\/2023\/12\/cris.jpg 800w, https:\/\/aviomarintranet.com\/wp-content\/uploads\/2023\/12\/cris-300x300.jpg 300w, https:\/\/aviomarintranet.com\/wp-content\/uploads\/2023\/12\/cris-150x150.jpg 150w, https:\/\/aviomarintranet.com\/wp-content\/uploads\/2023\/12\/cris-768x768.jpg 768w, https:\/\/aviomarintranet.com\/wp-content\/uploads\/2023\/12\/cris-75x75.jpg 75w\" sizes=\"(max-width: 800px) 100vw, 800px\" \/>\t\t\t\t\t\t\t\t\t\t\t\t\t\t\t<\/div>\n\t\t\t\t<\/div>\n\t\t\t\t<div class=\"elementor-element elementor-element-5e9071e elementor-widget elementor-widget-heading\" data-id=\"5e9071e\" data-element_type=\"widget\" data-widget_type=\"heading.default\">\n\t\t\t\t<div class=\"elementor-widget-container\">\n\t\t\t\t\t<h6 class=\"elementor-heading-title elementor-size-default\">Cristina Guillermo<\/h6>\t\t\t\t<\/div>\n\t\t\t\t<\/div>\n\t\t\t\t<div class=\"elementor-element elementor-element-17a15ec elementor-widget elementor-widget-text-editor\" data-id=\"17a15ec\" data-element_type=\"widget\" data-widget_type=\"text-editor.default\">\n\t\t\t\t<div class=\"elementor-widget-container\">\n\t\t\t\t\t\t\t\t\t<p>DIRECTOR ADMINISTRATIVO<\/p>\t\t\t\t\t\t\t\t<\/div>\n\t\t\t\t<\/div>\n\t\t\t\t<\/div>\n\t\t<div class=\"elementor-element elementor-element-ef65c30 e-con-full e-flex e-con e-child\" data-id=\"ef65c30\" data-element_type=\"container\">\n\t\t\t\t<div class=\"elementor-element elementor-element-0e72266 elementor-widget elementor-widget-image\" data-id=\"0e72266\" data-element_type=\"widget\" data-widget_type=\"image.default\">\n\t\t\t\t<div class=\"elementor-widget-container\">\n\t\t\t\t\t\t\t\t\t\t\t\t\t\t\t<img loading=\"lazy\" decoding=\"async\" width=\"800\" height=\"800\" src=\"https:\/\/aviomarintranet.com\/wp-content\/uploads\/2023\/12\/Sin-titulo-1.jpg\" class=\"attachment-large size-large wp-image-316\" alt=\"\" srcset=\"https:\/\/aviomarintranet.com\/wp-content\/uploads\/2023\/12\/Sin-titulo-1.jpg 800w, https:\/\/aviomarintranet.com\/wp-content\/uploads\/2023\/12\/Sin-titulo-1-300x300.jpg 300w, https:\/\/aviomarintranet.com\/wp-content\/uploads\/2023\/12\/Sin-titulo-1-150x150.jpg 150w, https:\/\/aviomarintranet.com\/wp-content\/uploads\/2023\/12\/Sin-titulo-1-768x768.jpg 768w, https:\/\/aviomarintranet.com\/wp-content\/uploads\/2023\/12\/Sin-titulo-1-75x75.jpg 75w\" sizes=\"(max-width: 800px) 100vw, 800px\" \/>\t\t\t\t\t\t\t\t\t\t\t\t\t\t\t<\/div>\n\t\t\t\t<\/div>\n\t\t\t\t<div class=\"elementor-element elementor-element-8352353 elementor-widget elementor-widget-heading\" data-id=\"8352353\" data-element_type=\"widget\" data-widget_type=\"heading.default\">\n\t\t\t\t<div class=\"elementor-widget-container\">\n\t\t\t\t\t<h6 class=\"elementor-heading-title elementor-size-default\">Rene Rivas<\/h6>\t\t\t\t<\/div>\n\t\t\t\t<\/div>\n\t\t\t\t<div class=\"elementor-element elementor-element-46d24f1 elementor-widget elementor-widget-text-editor\" data-id=\"46d24f1\" data-element_type=\"widget\" data-widget_type=\"text-editor.default\">\n\t\t\t\t<div class=\"elementor-widget-container\">\n\t\t\t\t\t\t\t\t\t<p>DIRECTOR COMERCIAL<\/p>\t\t\t\t\t\t\t\t<\/div>\n\t\t\t\t<\/div>\n\t\t\t\t<\/div>\n\t\t<div class=\"elementor-element elementor-element-90bb9b0 e-con-full e-flex e-con e-child\" data-id=\"90bb9b0\" data-element_type=\"container\">\n\t\t\t\t<div class=\"elementor-element elementor-element-49c8df8 elementor-widget elementor-widget-image\" data-id=\"49c8df8\" data-element_type=\"widget\" data-widget_type=\"image.default\">\n\t\t\t\t<div class=\"elementor-widget-container\">\n\t\t\t\t\t\t\t\t\t\t\t\t\t\t\t<img loading=\"lazy\" decoding=\"async\" width=\"800\" height=\"800\" src=\"https:\/\/aviomarintranet.com\/wp-content\/uploads\/2023\/12\/pepe-1.jpg\" class=\"attachment-large size-large wp-image-318\" alt=\"\" srcset=\"https:\/\/aviomarintranet.com\/wp-content\/uploads\/2023\/12\/pepe-1.jpg 800w, https:\/\/aviomarintranet.com\/wp-content\/uploads\/2023\/12\/pepe-1-300x300.jpg 300w, https:\/\/aviomarintranet.com\/wp-content\/uploads\/2023\/12\/pepe-1-150x150.jpg 150w, https:\/\/aviomarintranet.com\/wp-content\/uploads\/2023\/12\/pepe-1-768x768.jpg 768w, https:\/\/aviomarintranet.com\/wp-content\/uploads\/2023\/12\/pepe-1-75x75.jpg 75w\" sizes=\"(max-width: 800px) 100vw, 800px\" \/>\t\t\t\t\t\t\t\t\t\t\t\t\t\t\t<\/div>\n\t\t\t\t<\/div>\n\t\t\t\t<div class=\"elementor-element elementor-element-42d53c3 elementor-widget elementor-widget-heading\" data-id=\"42d53c3\" data-element_type=\"widget\" data-widget_type=\"heading.default\">\n\t\t\t\t<div class=\"elementor-widget-container\">\n\t\t\t\t\t<h6 class=\"elementor-heading-title elementor-size-default\">Jos\u00e9 Sempere<\/h6>\t\t\t\t<\/div>\n\t\t\t\t<\/div>\n\t\t\t\t<div class=\"elementor-element elementor-element-aea2ede elementor-widget elementor-widget-text-editor\" data-id=\"aea2ede\" data-element_type=\"widget\" data-widget_type=\"text-editor.default\">\n\t\t\t\t<div class=\"elementor-widget-container\">\n\t\t\t\t\t\t\t\t\t<p>DIRECTOR DE OPERACIONES<\/p>\t\t\t\t\t\t\t\t<\/div>\n\t\t\t\t<\/div>\n\t\t\t\t<\/div>\n\t\t<div class=\"elementor-element elementor-element-e9a2470 e-con-full e-flex e-con e-child\" data-id=\"e9a2470\" data-element_type=\"container\">\n\t\t\t\t<div class=\"elementor-element elementor-element-4d76dab elementor-widget elementor-widget-image\" data-id=\"4d76dab\" data-element_type=\"widget\" data-widget_type=\"image.default\">\n\t\t\t\t<div class=\"elementor-widget-container\">\n\t\t\t\t\t\t\t\t\t\t\t\t\t\t\t<img loading=\"lazy\" decoding=\"async\" width=\"800\" height=\"800\" src=\"https:\/\/aviomarintranet.com\/wp-content\/uploads\/2024\/01\/charly01.jpg\" class=\"attachment-large size-large wp-image-708\" alt=\"\" srcset=\"https:\/\/aviomarintranet.com\/wp-content\/uploads\/2024\/01\/charly01.jpg 800w, https:\/\/aviomarintranet.com\/wp-content\/uploads\/2024\/01\/charly01-300x300.jpg 300w, https:\/\/aviomarintranet.com\/wp-content\/uploads\/2024\/01\/charly01-150x150.jpg 150w, https:\/\/aviomarintranet.com\/wp-content\/uploads\/2024\/01\/charly01-768x768.jpg 768w, https:\/\/aviomarintranet.com\/wp-content\/uploads\/2024\/01\/charly01-75x75.jpg 75w\" sizes=\"(max-width: 800px) 100vw, 800px\" \/>\t\t\t\t\t\t\t\t\t\t\t\t\t\t\t<\/div>\n\t\t\t\t<\/div>\n\t\t\t\t<div class=\"elementor-element elementor-element-e70faf1 elementor-widget elementor-widget-heading\" data-id=\"e70faf1\" data-element_type=\"widget\" data-widget_type=\"heading.default\">\n\t\t\t\t<div class=\"elementor-widget-container\">\n\t\t\t\t\t<h6 class=\"elementor-heading-title elementor-size-default\">Carlos Cano<\/h6>\t\t\t\t<\/div>\n\t\t\t\t<\/div>\n\t\t\t\t<div class=\"elementor-element elementor-element-72d8bed elementor-widget elementor-widget-text-editor\" data-id=\"72d8bed\" data-element_type=\"widget\" data-widget_type=\"text-editor.default\">\n\t\t\t\t<div class=\"elementor-widget-container\">\n\t\t\t\t\t\t\t\t\t<p>DIRECTOR DE CONTROL Y CALIDAD<\/p>\t\t\t\t\t\t\t\t<\/div>\n\t\t\t\t<\/div>\n\t\t\t\t<\/div>\n\t\t\t\t\t<\/div>\n\t\t\t\t<\/div>\n\t\t\t\t<\/div>\n\t\t","protected":false},"excerpt":{"rendered":"<p>Aviomar Adventures como la conocemos hoy, floreci\u00f3 con el deseo de mostrar al mundo las costumbres y valores que ofrece la cultura mexicana. Nuestra historia<a href=\"https:\/\/aviomarintranet.com\/index.php\/about-us\/\" class=\"more-link\">Ver m\u00e1s<\/a><\/p>\n","protected":false},"author":4,"featured_media":0,"parent":0,"menu_order":0,"comment_status":"closed","ping_status":"closed","template":"elementor_header_footer","meta":{"footnotes":""},"class_list":["post-145","page","type-page","status-publish","hentry"],"_links":{"self":[{"href":"https:\/\/aviomarintranet.com\/index.php\/wp-json\/wp\/v2\/pages\/145","targetHints":{"allow":["GET"]}}],"collection":[{"href":"https:\/\/aviomarintranet.com\/index.php\/wp-json\/wp\/v2\/pages"}],"about":[{"href":"https:\/\/aviomarintranet.com\/index.php\/wp-json\/wp\/v2\/types\/page"}],"author":[{"embeddable":true,"href":"https:\/\/aviomarintranet.com\/index.php\/wp-json\/wp\/v2\/users\/4"}],"replies":[{"embeddable":true,"href":"https:\/\/aviomarintranet.com\/index.php\/wp-json\/wp\/v2\/comments?post=145"}],"version-history":[{"count":26,"href":"https:\/\/aviomarintranet.com\/index.php\/wp-json\/wp\/v2\/pages\/145\/revisions"}],"predecessor-version":[{"id":711,"href":"https:\/\/aviomarintranet.com\/index.php\/wp-json\/wp\/v2\/pages\/145\/revisions\/711"}],"wp:attachment":[{"href":"https:\/\/aviomarintranet.com\/index.php\/wp-json\/wp\/v2\/media?parent=145"}],"curies":[{"name":"wp","href":"https:\/\/api.w.org\/{rel}","templated":true}]}}